{"id":113207,"date":"2015-07-24T18:08:04","date_gmt":"2015-07-25T01:08:04","guid":{"rendered":"http:\/\/noticias.entravision.com\/?page_id=113207"},"modified":"2015-07-24T18:08:04","modified_gmt":"2015-07-25T01:08:04","slug":"preguntale-al-abogado-midland-odessa","status":"publish","type":"page","link":"https:\/\/noticiasya.com\/laredo\/preguntale-al-abogado-midland-odessa\/","title":{"rendered":"Preg\u00fantale al Abogado Midland Odessa"},"content":{"rendered":"\n","protected":false},"excerpt":{"rendered":"","protected":false},"author":14,"featured_media":0,"parent":0,"menu_order":0,"comment_status":"closed","ping_status":"closed","template":"","meta":{"footnotes":""},"class_list":["post-113207","page","type-page","status-publish","hentry"],"yoast_head":"<!-- This site is optimized with the Yoast SEO plugin v24.4 - https:\/\/yoast.com\/wordpress\/plugins\/seo\/ -->\n<title>Preg\u00fantale al Abogado Midland Odessa - Noticias<\/title>\n<meta name=\"robots\" content=\"index, follow, max-snippet:-1, max-image-preview:large, max-video-preview:-1\" \/>\n<link rel=\"canonical\" href=\"https:\/\/noticiasya.com\/preguntale-al-abogado-midland-odessa\/\" \/>\n<meta property=\"og:locale\" content=\"es_ES\" \/>\n<meta property=\"og:type\" content=\"article\" \/>\n<meta property=\"og:title\" content=\"Preg\u00fantale al Abogado Midland Odessa - Noticias\" \/>\n<meta property=\"og:url\" content=\"https:\/\/noticiasya.com\/preguntale-al-abogado-midland-odessa\/\" \/>\n<meta property=\"og:site_name\" content=\"Noticias\" \/>\n<meta name=\"twitter:card\" content=\"summary_large_image\" \/>\n<script type=\"application\/ld+json\" class=\"yoast-schema-graph\">{\"@context\":\"https:\/\/schema.org\",\"@graph\":[{\"@type\":\"WebPage\",\"@id\":\"https:\/\/noticiasya.com\/preguntale-al-abogado-midland-odessa\/\",\"url\":\"https:\/\/noticiasya.com\/preguntale-al-abogado-midland-odessa\/\",\"name\":\"Preg\u00fantale al Abogado Midland Odessa - Noticias\",\"isPartOf\":{\"@id\":\"https:\/\/noticiasya.com\/#website\"},\"datePublished\":\"2015-07-25T01:08:04+00:00\",\"breadcrumb\":{\"@id\":\"https:\/\/noticiasya.com\/preguntale-al-abogado-midland-odessa\/#breadcrumb\"},\"inLanguage\":\"es\",\"potentialAction\":[{\"@type\":\"ReadAction\",\"target\":[\"https:\/\/noticiasya.com\/preguntale-al-abogado-midland-odessa\/\"]}]},{\"@type\":\"BreadcrumbList\",\"@id\":\"https:\/\/noticiasya.com\/preguntale-al-abogado-midland-odessa\/#breadcrumb\",\"itemListElement\":[{\"@type\":\"ListItem\",\"position\":1,\"name\":\"Home\",\"item\":\"https:\/\/noticiasya.com\/\"},{\"@type\":\"ListItem\",\"position\":2,\"name\":\"Preg\u00fantale al Abogado Midland Odessa\"}]},{\"@type\":\"WebSite\",\"@id\":\"https:\/\/noticiasya.com\/#website\",\"url\":\"https:\/\/noticiasya.com\/\",\"name\":\"Noticias\",\"description\":\"Lo que importa\",\"publisher\":{\"@id\":\"https:\/\/noticiasya.com\/#organization\"},\"potentialAction\":[{\"@type\":\"SearchAction\",\"target\":{\"@type\":\"EntryPoint\",\"urlTemplate\":\"https:\/\/noticiasya.com\/?s={search_term_string}\"},\"query-input\":{\"@type\":\"PropertyValueSpecification\",\"valueRequired\":true,\"valueName\":\"search_term_string\"}}],\"inLanguage\":\"es\"},{\"@type\":\"Organization\",\"@id\":\"https:\/\/noticiasya.com\/#organization\",\"name\":\"Noticias\",\"url\":\"https:\/\/noticiasya.com\/\",\"logo\":{\"@type\":\"ImageObject\",\"inLanguage\":\"es\",\"@id\":\"https:\/\/noticiasya.com\/#\/schema\/logo\/image\/\",\"url\":\"https:\/\/noticiasya.com\/wp-content\/uploads\/sites\/22\/2023\/12\/logo-nacional.png\",\"contentUrl\":\"https:\/\/noticiasya.com\/wp-content\/uploads\/sites\/22\/2023\/12\/logo-nacional.png\",\"width\":1801,\"height\":691,\"caption\":\"Noticias\"},\"image\":{\"@id\":\"https:\/\/noticiasya.com\/#\/schema\/logo\/image\/\"}}]}<\/script>\n<!-- \/ Yoast SEO plugin. -->","yoast_head_json":{"title":"Preg\u00fantale al Abogado Midland Odessa - Noticias","robots":{"index":"index","follow":"follow","max-snippet":"max-snippet:-1","max-image-preview":"max-image-preview:large","max-video-preview":"max-video-preview:-1"},"canonical":"https:\/\/noticiasya.com\/preguntale-al-abogado-midland-odessa\/","og_locale":"es_ES","og_type":"article","og_title":"Preg\u00fantale al Abogado Midland Odessa - Noticias","og_url":"https:\/\/noticiasya.com\/preguntale-al-abogado-midland-odessa\/","og_site_name":"Noticias","twitter_card":"summary_large_image","schema":{"@context":"https:\/\/schema.org","@graph":[{"@type":"WebPage","@id":"https:\/\/noticiasya.com\/preguntale-al-abogado-midland-odessa\/","url":"https:\/\/noticiasya.com\/preguntale-al-abogado-midland-odessa\/","name":"Preg\u00fantale al Abogado Midland Odessa - Noticias","isPartOf":{"@id":"https:\/\/noticiasya.com\/#website"},"datePublished":"2015-07-25T01:08:04+00:00","breadcrumb":{"@id":"https:\/\/noticiasya.com\/preguntale-al-abogado-midland-odessa\/#breadcrumb"},"inLanguage":"es","potentialAction":[{"@type":"ReadAction","target":["https:\/\/noticiasya.com\/preguntale-al-abogado-midland-odessa\/"]}]},{"@type":"BreadcrumbList","@id":"https:\/\/noticiasya.com\/preguntale-al-abogado-midland-odessa\/#breadcrumb","itemListElement":[{"@type":"ListItem","position":1,"name":"Home","item":"https:\/\/noticiasya.com\/"},{"@type":"ListItem","position":2,"name":"Preg\u00fantale al Abogado Midland Odessa"}]},{"@type":"WebSite","@id":"https:\/\/noticiasya.com\/#website","url":"https:\/\/noticiasya.com\/","name":"Noticias","description":"Lo que importa","publisher":{"@id":"https:\/\/noticiasya.com\/#organization"},"potentialAction":[{"@type":"SearchAction","target":{"@type":"EntryPoint","urlTemplate":"https:\/\/noticiasya.com\/?s={search_term_string}"},"query-input":{"@type":"PropertyValueSpecification","valueRequired":true,"valueName":"search_term_string"}}],"inLanguage":"es"},{"@type":"Organization","@id":"https:\/\/noticiasya.com\/#organization","name":"Noticias","url":"https:\/\/noticiasya.com\/","logo":{"@type":"ImageObject","inLanguage":"es","@id":"https:\/\/noticiasya.com\/#\/schema\/logo\/image\/","url":"https:\/\/noticiasya.com\/wp-content\/uploads\/sites\/22\/2023\/12\/logo-nacional.png","contentUrl":"https:\/\/noticiasya.com\/wp-content\/uploads\/sites\/22\/2023\/12\/logo-nacional.png","width":1801,"height":691,"caption":"Noticias"},"image":{"@id":"https:\/\/noticiasya.com\/#\/schema\/logo\/image\/"}}]}},"parsely":{"version":"1.1.0","canonical_url":"https:\/\/noticiasya.com\/laredo\/preguntale-al-abogado-midland-odessa\/","smart_links":{"inbound":0,"outbound":0},"traffic_boost_suggestions_count":0,"meta":{"@context":"https:\/\/schema.org","@type":"WebPage","headline":"Preg\u00fantale al Abogado Midland Odessa","url":"http:\/\/noticiasya.com\/laredo\/preguntale-al-abogado-midland-odessa\/","mainEntityOfPage":{"@type":"WebPage","@id":"http:\/\/noticiasya.com\/laredo\/preguntale-al-abogado-midland-odessa\/"},"thumbnailUrl":"","image":{"@type":"ImageObject","url":""},"articleSection":"Noticias Nacionales","author":[{"@type":"Person","name":"agomez"}],"creator":["agomez"],"publisher":{"@type":"Organization","name":"Noticias","logo":""},"keywords":[],"dateCreated":"2015-07-25T01:08:04Z","datePublished":"2015-07-25T01:08:04Z","dateModified":"2015-07-25T01:08:04Z"},"rendered":"<script type=\"application\/ld+json\" class=\"wp-parsely-metadata\">{\"@context\":\"https:\\\/\\\/schema.org\",\"@type\":\"WebPage\",\"headline\":\"Preg\\u00fantale al Abogado Midland Odessa\",\"url\":\"http:\\\/\\\/noticiasya.com\\\/laredo\\\/preguntale-al-abogado-midland-odessa\\\/\",\"mainEntityOfPage\":{\"@type\":\"WebPage\",\"@id\":\"http:\\\/\\\/noticiasya.com\\\/laredo\\\/preguntale-al-abogado-midland-odessa\\\/\"},\"thumbnailUrl\":\"\",\"image\":{\"@type\":\"ImageObject\",\"url\":\"\"},\"articleSection\":\"Noticias Nacionales\",\"author\":[{\"@type\":\"Person\",\"name\":\"agomez\"}],\"creator\":[\"agomez\"],\"publisher\":{\"@type\":\"Organization\",\"name\":\"Noticias\",\"logo\":\"\"},\"keywords\":[],\"dateCreated\":\"2015-07-25T01:08:04Z\",\"datePublished\":\"2015-07-25T01:08:04Z\",\"dateModified\":\"2015-07-25T01:08:04Z\"}<\/script>","tracker_url":"https:\/\/cdn.parsely.com\/keys\/noticiasya.com\/p.js"},"jetpack-related-posts":[{"id":8548,"url":"https:\/\/noticiasya.com\/laredo\/paa\/","url_meta":{"origin":113207,"position":0},"title":"Preg\u00fantale al Abogado","author":"agomez","date":"marzo 31, 2015","format":false,"excerpt":"","rel":"","context":"Similar post","block_context":{"text":"Similar post","link":""},"img":{"alt_text":"","src":"","width":0,"height":0},"classes":[]},{"id":1442293,"url":"https:\/\/noticiasya.com\/laredo\/trafico\/","url_meta":{"origin":113207,"position":1},"title":"Tr\u00e1fico","author":"andresgomesz","date":"diciembre 5, 2023","format":false,"excerpt":"","rel":"","context":"Similar post","block_context":{"text":"Similar post","link":""},"img":{"alt_text":"","src":"","width":0,"height":0},"classes":[]},{"id":886869,"url":"https:\/\/noticiasya.com\/laredo\/newsletter-subscription\/","url_meta":{"origin":113207,"position":2},"title":"Newsletter Subscription","author":"agomez","date":"diciembre 15, 2017","format":false,"excerpt":"Reg\u00edstrate para recibir #las m\u00e1s le\u00eddas [icontact_custom_signup_form form_action=\"?id=236&cid=677595&lid=17467\" captcha_key=\"6LeCZCcUAAAAALhxcQ5fN80W6Wa2K3GqRQK6WRjA\" captcha_th=\"light\" captcha_new=\"true\" field_1_type=\"text\" field_1_text=\"Nombre\" field_1_name=\"data%5Bfname%5D\" field_1_req=\"yes\" field_2_type=\"text\" field_2_text=\"Apellido\" field_2_name=\"data%5Blname%5D\" field_2_req=\"yes\" field_3_type=\"select\" field_3_text=\"Ciudad, Colorado, Corpus Christi, Costa Central, El Centro - Yuma, El Paso, Frontera, Hartford-Springfield, Kansas, Laredo, Las Vegas, Los Angeles, Lubbock, Midland-Odessa, Monterey-Salinas, Nueva Inglaterra, Nuevo M\u00e9xico, Orlando, Palm Springs,\u2026","rel":"","context":"Similar post","block_context":{"text":"Similar post","link":""},"img":{"alt_text":"","src":"","width":0,"height":0},"classes":[]},{"id":1132304,"url":"https:\/\/noticiasya.com\/laredo\/instagram\/","url_meta":{"origin":113207,"position":3},"title":"Instagram","author":"agomez","date":"septiembre 30, 2019","format":false,"excerpt":"","rel":"","context":"Similar post","block_context":{"text":"Similar post","link":""},"img":{"alt_text":"","src":"","width":0,"height":0},"classes":[]},{"id":1442359,"url":"https:\/\/noticiasya.com\/laredo\/clima\/","url_meta":{"origin":113207,"position":4},"title":"Clima","author":"andresgomesz","date":"diciembre 7, 2023","format":false,"excerpt":"","rel":"","context":"Similar post","block_context":{"text":"Similar post","link":""},"img":{"alt_text":"","src":"","width":0,"height":0},"classes":[]}],"jetpack_sharing_enabled":true,"_links":{"self":[{"href":"https:\/\/noticiasya.com\/laredo\/wp-json\/wp\/v2\/pages\/113207","targetHints":{"allow":["GET"]}}],"collection":[{"href":"https:\/\/noticiasya.com\/laredo\/wp-json\/wp\/v2\/pages"}],"about":[{"href":"https:\/\/noticiasya.com\/laredo\/wp-json\/wp\/v2\/types\/page"}],"author":[{"embeddable":true,"href":"https:\/\/noticiasya.com\/laredo\/wp-json\/wp\/v2\/users\/14"}],"replies":[{"embeddable":true,"href":"https:\/\/noticiasya.com\/laredo\/wp-json\/wp\/v2\/comments?post=113207"}],"version-history":[{"count":0,"href":"https:\/\/noticiasya.com\/laredo\/wp-json\/wp\/v2\/pages\/113207\/revisions"}],"wp:attachment":[{"href":"https:\/\/noticiasya.com\/laredo\/wp-json\/wp\/v2\/media?parent=113207"}],"curies":[{"name":"wp","href":"https:\/\/api.w.org\/{rel}","templated":true}]}}