{"id":863047,"date":"2017-10-27T13:33:13","date_gmt":"2017-10-27T20:33:13","guid":{"rendered":"http:\/\/noticiasya.com\/?page_id=863047"},"modified":"2017-10-27T13:33:13","modified_gmt":"2017-10-27T20:33:13","slug":"advertise-es","status":"publish","type":"page","link":"https:\/\/noticiasya.com\/laredo\/advertise-es\/","title":{"rendered":"Advertise ES"},"content":{"rendered":"<p>[advertise_page video_id=&#187;5775162361001&#8243; lang=&#187;es&#187;]<\/p>\n","protected":false},"excerpt":{"rendered":"<p>[advertise_page video_id=&#187;5775162361001&#8243; lang=&#187;es&#187;]<\/p>\n","protected":false},"author":14,"featured_media":0,"parent":0,"menu_order":0,"comment_status":"closed","ping_status":"closed","template":"custom-page-template-advertise-page","meta":{"footnotes":""},"class_list":["post-863047","page","type-page","status-publish","hentry"],"yoast_head":"<!-- This site is optimized with the Yoast SEO plugin v24.4 - https:\/\/yoast.com\/wordpress\/plugins\/seo\/ -->\n<title>Advertise ES - Noticias<\/title>\n<meta name=\"robots\" content=\"index, follow, max-snippet:-1, max-image-preview:large, max-video-preview:-1\" \/>\n<link rel=\"canonical\" href=\"https:\/\/noticiasya.com\/advertise-es\/\" \/>\n<meta property=\"og:locale\" content=\"es_ES\" \/>\n<meta property=\"og:type\" content=\"article\" \/>\n<meta property=\"og:title\" content=\"Advertise ES - Noticias\" \/>\n<meta property=\"og:description\" content=\"[advertise_page video_id=&#187;5775162361001&#8243; lang=&#187;es&#187;]\" \/>\n<meta property=\"og:url\" content=\"https:\/\/noticiasya.com\/advertise-es\/\" \/>\n<meta property=\"og:site_name\" content=\"Noticias\" \/>\n<meta name=\"twitter:card\" content=\"summary_large_image\" \/>\n<script type=\"application\/ld+json\" class=\"yoast-schema-graph\">{\"@context\":\"https:\/\/schema.org\",\"@graph\":[{\"@type\":\"WebPage\",\"@id\":\"https:\/\/noticiasya.com\/advertise-es\/\",\"url\":\"https:\/\/noticiasya.com\/advertise-es\/\",\"name\":\"Advertise ES - Noticias\",\"isPartOf\":{\"@id\":\"https:\/\/noticiasya.com\/#website\"},\"datePublished\":\"2017-10-27T20:33:13+00:00\",\"breadcrumb\":{\"@id\":\"https:\/\/noticiasya.com\/advertise-es\/#breadcrumb\"},\"inLanguage\":\"es\",\"potentialAction\":[{\"@type\":\"ReadAction\",\"target\":[\"https:\/\/noticiasya.com\/advertise-es\/\"]}]},{\"@type\":\"BreadcrumbList\",\"@id\":\"https:\/\/noticiasya.com\/advertise-es\/#breadcrumb\",\"itemListElement\":[{\"@type\":\"ListItem\",\"position\":1,\"name\":\"Home\",\"item\":\"https:\/\/noticiasya.com\/\"},{\"@type\":\"ListItem\",\"position\":2,\"name\":\"Advertise ES\"}]},{\"@type\":\"WebSite\",\"@id\":\"https:\/\/noticiasya.com\/#website\",\"url\":\"https:\/\/noticiasya.com\/\",\"name\":\"Noticias\",\"description\":\"Lo que importa\",\"publisher\":{\"@id\":\"https:\/\/noticiasya.com\/#organization\"},\"potentialAction\":[{\"@type\":\"SearchAction\",\"target\":{\"@type\":\"EntryPoint\",\"urlTemplate\":\"https:\/\/noticiasya.com\/?s={search_term_string}\"},\"query-input\":{\"@type\":\"PropertyValueSpecification\",\"valueRequired\":true,\"valueName\":\"search_term_string\"}}],\"inLanguage\":\"es\"},{\"@type\":\"Organization\",\"@id\":\"https:\/\/noticiasya.com\/#organization\",\"name\":\"Noticias\",\"url\":\"https:\/\/noticiasya.com\/\",\"logo\":{\"@type\":\"ImageObject\",\"inLanguage\":\"es\",\"@id\":\"https:\/\/noticiasya.com\/#\/schema\/logo\/image\/\",\"url\":\"https:\/\/noticiasya.com\/wp-content\/uploads\/sites\/22\/2023\/12\/logo-nacional.png\",\"contentUrl\":\"https:\/\/noticiasya.com\/wp-content\/uploads\/sites\/22\/2023\/12\/logo-nacional.png\",\"width\":1801,\"height\":691,\"caption\":\"Noticias\"},\"image\":{\"@id\":\"https:\/\/noticiasya.com\/#\/schema\/logo\/image\/\"}}]}<\/script>\n<!-- \/ Yoast SEO plugin. -->","yoast_head_json":{"title":"Advertise ES - Noticias","robots":{"index":"index","follow":"follow","max-snippet":"max-snippet:-1","max-image-preview":"max-image-preview:large","max-video-preview":"max-video-preview:-1"},"canonical":"https:\/\/noticiasya.com\/advertise-es\/","og_locale":"es_ES","og_type":"article","og_title":"Advertise ES - Noticias","og_description":"[advertise_page video_id=&#187;5775162361001&#8243; lang=&#187;es&#187;]","og_url":"https:\/\/noticiasya.com\/advertise-es\/","og_site_name":"Noticias","twitter_card":"summary_large_image","schema":{"@context":"https:\/\/schema.org","@graph":[{"@type":"WebPage","@id":"https:\/\/noticiasya.com\/advertise-es\/","url":"https:\/\/noticiasya.com\/advertise-es\/","name":"Advertise ES - Noticias","isPartOf":{"@id":"https:\/\/noticiasya.com\/#website"},"datePublished":"2017-10-27T20:33:13+00:00","breadcrumb":{"@id":"https:\/\/noticiasya.com\/advertise-es\/#breadcrumb"},"inLanguage":"es","potentialAction":[{"@type":"ReadAction","target":["https:\/\/noticiasya.com\/advertise-es\/"]}]},{"@type":"BreadcrumbList","@id":"https:\/\/noticiasya.com\/advertise-es\/#breadcrumb","itemListElement":[{"@type":"ListItem","position":1,"name":"Home","item":"https:\/\/noticiasya.com\/"},{"@type":"ListItem","position":2,"name":"Advertise ES"}]},{"@type":"WebSite","@id":"https:\/\/noticiasya.com\/#website","url":"https:\/\/noticiasya.com\/","name":"Noticias","description":"Lo que importa","publisher":{"@id":"https:\/\/noticiasya.com\/#organization"},"potentialAction":[{"@type":"SearchAction","target":{"@type":"EntryPoint","urlTemplate":"https:\/\/noticiasya.com\/?s={search_term_string}"},"query-input":{"@type":"PropertyValueSpecification","valueRequired":true,"valueName":"search_term_string"}}],"inLanguage":"es"},{"@type":"Organization","@id":"https:\/\/noticiasya.com\/#organization","name":"Noticias","url":"https:\/\/noticiasya.com\/","logo":{"@type":"ImageObject","inLanguage":"es","@id":"https:\/\/noticiasya.com\/#\/schema\/logo\/image\/","url":"https:\/\/noticiasya.com\/wp-content\/uploads\/sites\/22\/2023\/12\/logo-nacional.png","contentUrl":"https:\/\/noticiasya.com\/wp-content\/uploads\/sites\/22\/2023\/12\/logo-nacional.png","width":1801,"height":691,"caption":"Noticias"},"image":{"@id":"https:\/\/noticiasya.com\/#\/schema\/logo\/image\/"}}]}},"parsely":{"version":"1.1.0","canonical_url":"https:\/\/noticiasya.com\/laredo\/advertise-es\/","smart_links":{"inbound":0,"outbound":0},"traffic_boost_suggestions_count":0,"meta":{"@context":"https:\/\/schema.org","@type":"WebPage","headline":"Advertise ES","url":"http:\/\/noticiasya.com\/laredo\/advertise-es\/","mainEntityOfPage":{"@type":"WebPage","@id":"http:\/\/noticiasya.com\/laredo\/advertise-es\/"},"thumbnailUrl":"","image":{"@type":"ImageObject","url":""},"articleSection":"Noticias Nacionales","author":[{"@type":"Person","name":"agomez"}],"creator":["agomez"],"publisher":{"@type":"Organization","name":"Noticias","logo":""},"keywords":[],"dateCreated":"2017-10-27T20:33:13Z","datePublished":"2017-10-27T20:33:13Z","dateModified":"2017-10-27T20:33:13Z"},"rendered":"<script type=\"application\/ld+json\" class=\"wp-parsely-metadata\">{\"@context\":\"https:\\\/\\\/schema.org\",\"@type\":\"WebPage\",\"headline\":\"Advertise ES\",\"url\":\"http:\\\/\\\/noticiasya.com\\\/laredo\\\/advertise-es\\\/\",\"mainEntityOfPage\":{\"@type\":\"WebPage\",\"@id\":\"http:\\\/\\\/noticiasya.com\\\/laredo\\\/advertise-es\\\/\"},\"thumbnailUrl\":\"\",\"image\":{\"@type\":\"ImageObject\",\"url\":\"\"},\"articleSection\":\"Noticias Nacionales\",\"author\":[{\"@type\":\"Person\",\"name\":\"agomez\"}],\"creator\":[\"agomez\"],\"publisher\":{\"@type\":\"Organization\",\"name\":\"Noticias\",\"logo\":\"\"},\"keywords\":[],\"dateCreated\":\"2017-10-27T20:33:13Z\",\"datePublished\":\"2017-10-27T20:33:13Z\",\"dateModified\":\"2017-10-27T20:33:13Z\"}<\/script>","tracker_url":"https:\/\/cdn.parsely.com\/keys\/noticiasya.com\/p.js"},"jetpack-related-posts":[{"id":862945,"url":"https:\/\/noticiasya.com\/laredo\/advertise-en\/","url_meta":{"origin":863047,"position":0},"title":"Advertise EN","author":"agomez","date":"octubre 27, 2017","format":false,"excerpt":"[advertise_page video_id=\"5775162361001\" lang=\"en\"]","rel":"","context":"Similar post","block_context":{"text":"Similar post","link":""},"img":{"alt_text":"","src":"","width":0,"height":0},"classes":[]},{"id":37546,"url":"https:\/\/noticiasya.com\/laredo\/huracanes\/","url_meta":{"origin":863047,"position":1},"title":"Huracanes: Datos \u00fatiles y Gu\u00eda de Emergencias","author":"agomez","date":"mayo 19, 2015","format":false,"excerpt":"[bc_video video_id=\"5569278566001\" account_id=\"5443452546001\" player_id=\"SyxNCWDRLW\"] Checa si est\u00e1s preparado Descargar lista de emergenciaMira el estado del tiempo Inf\u00f3rmate, consulta nuestra Gu\u00eda de Huracanes: \u00bfQu\u00e9 es un Hurac\u00e1n? Escala de Huracanes Antes de un Hurac\u00e1n Despu\u00e9s de un Hurac\u00e1n Lista de cosas necesarias Bolsas de Arena Solicitud de Asistencia Sitios Importantes N\u00fameros\u2026","rel":"","context":"Similar post","block_context":{"text":"Similar post","link":""},"img":{"alt_text":"","src":"","width":0,"height":0},"classes":[]},{"id":1127390,"url":"https:\/\/noticiasya.com\/laredo\/heroes\/","url_meta":{"origin":863047,"position":2},"title":"Heroes","author":"agomez","date":"septiembre 13, 2019","format":false,"excerpt":"[bc_video video_id=\"6093271025001\" account_id=\"5443452546001\" player_id=\"4typnYx6Wt\" embed=\"in-page\" padding_top=\"56%\" autoplay=\"\" min_width=\"0px\" max_width=\"640px\" width=\"100%\" height=\"100%\"] [bc_video video_id=\"6088839919001\" account_id=\"5443452546001\" player_id=\"4typnYx6Wt\" embed=\"in-page\" padding_top=\"56%\" autoplay=\"\" min_width=\"0px\" max_width=\"320px\" width=\"100%\" height=\"100%\"] [bc_video video_id=\"6087855063001\" account_id=\"5443452546001\" player_id=\"4typnYx6Wt\" embed=\"in-page\" padding_top=\"56%\" autoplay=\"\" min_width=\"0px\" max_width=\"320px\" width=\"100%\" height=\"100%\"] [bc_video video_id=\"6087855076001\" account_id=\"5443452546001\" player_id=\"4typnYx6Wt\" embed=\"in-page\" padding_top=\"56%\" autoplay=\"\" min_width=\"0px\" max_width=\"320px\" width=\"100%\" height=\"100%\"]","rel":"","context":"Similar post","block_context":{"text":"Similar post","link":""},"img":{"alt_text":"","src":"","width":0,"height":0},"classes":[]},{"id":37557,"url":"https:\/\/noticiasya.com\/laredo\/huracanes\/que-es-un-huracan\/","url_meta":{"origin":863047,"position":3},"title":"\u00bfQu\u00e9 es un Hurac\u00e1n?","author":"agomez","date":"mayo 19, 2015","format":false,"excerpt":"Mira aqu\u00ed toda la informaci\u00f3n acerca de la temporada de huracanes Depresi\u00f3n Tropical Sistema organziado de nubes acompa\u00f1ado de lluvias y vientos m\u00e1ximos sostenidos de 38 mph. Tormenta Tropical Sistema organizado de nubes, tormentas el\u00e9ctricas y lluvia que alcanza vientos sostenidos de 39 mph. a 73 mph y mantiene un\u2026","rel":"","context":"Similar post","block_context":{"text":"Similar post","link":""},"img":{"alt_text":"","src":"","width":0,"height":0},"classes":[]},{"id":39115,"url":"https:\/\/noticiasya.com\/laredo\/huracanes\/una-guia-rapida\/","url_meta":{"origin":863047,"position":4},"title":"Una guia r\u00e1pida","author":"agomez","date":"mayo 21, 2015","format":false,"excerpt":"Le recomendamos que lea todas la paginas previas para que este familiarizado con todo lo que debe hacer antes, durante y despu\u00e9s de un hurac\u00e1n.\u00a0 Esta es una guia rapida para que se asegure que ya esta preparado para cualquier emergencia. Manual de preparacion Este Manual de Preparaci\u00f3n Contra Desastres\u2026","rel":"","context":"Similar post","block_context":{"text":"Similar post","link":""},"img":{"alt_text":"","src":"","width":0,"height":0},"classes":[]},{"id":42003,"url":"https:\/\/noticiasya.com\/laredo\/huracanes\/despues-de-un-huracan\/","url_meta":{"origin":863047,"position":5},"title":"Despu\u00e9s de un Hurac\u00e1n","author":"agomez","date":"mayo 27, 2015","format":false,"excerpt":"Mira aqu\u00ed toda la informaci\u00f3n de la temporada de huracanes Permanezca donde est\u00e1 si se encuentra en un lugar seguro hasta que las autoridades locales indiquen que es seguro salir. Si ha sido evacuado de su comunidad, no regrese al \u00e1rea hasta que las autoridades digan que es seguro regresar.\u2026","rel":"","context":"Similar post","block_context":{"text":"Similar post","link":""},"img":{"alt_text":"","src":"","width":0,"height":0},"classes":[]}],"jetpack_sharing_enabled":true,"_links":{"self":[{"href":"https:\/\/noticiasya.com\/laredo\/wp-json\/wp\/v2\/pages\/863047","targetHints":{"allow":["GET"]}}],"collection":[{"href":"https:\/\/noticiasya.com\/laredo\/wp-json\/wp\/v2\/pages"}],"about":[{"href":"https:\/\/noticiasya.com\/laredo\/wp-json\/wp\/v2\/types\/page"}],"author":[{"embeddable":true,"href":"https:\/\/noticiasya.com\/laredo\/wp-json\/wp\/v2\/users\/14"}],"replies":[{"embeddable":true,"href":"https:\/\/noticiasya.com\/laredo\/wp-json\/wp\/v2\/comments?post=863047"}],"version-history":[{"count":0,"href":"https:\/\/noticiasya.com\/laredo\/wp-json\/wp\/v2\/pages\/863047\/revisions"}],"wp:attachment":[{"href":"https:\/\/noticiasya.com\/laredo\/wp-json\/wp\/v2\/media?parent=863047"}],"curies":[{"name":"wp","href":"https:\/\/api.w.org\/{rel}","templated":true}]}}