{"id":37546,"date":"2015-05-19T14:07:01","date_gmt":"2015-05-19T18:07:01","guid":{"rendered":"http:\/\/noticias.entravision.com\/?page_id=37546"},"modified":"2015-05-19T14:07:01","modified_gmt":"2015-05-19T18:07:01","slug":"huracanes","status":"publish","type":"page","link":"https:\/\/noticiasya.com\/san-angelo\/huracanes\/","title":{"rendered":"Huracanes: Datos \u00fatiles y Gu\u00eda de Emergencias"},"content":{"rendered":"<p>[bc_video video_id=&#187;5569278566001&#8243; account_id=&#187;5443452546001&#8243; player_id=&#187;SyxNCWDRLW&#187;]<\/p>\n<div id=\"checkist-container\">\n<h2>Checa si <br \/>est\u00e1s preparado<\/h2>\n<p><a href=\"https:\/\/noticiasya.com\/wp-content\/uploads\/sites\/3\/2020\/05\/juntos_hurricanechecklist.pdf\" target=\"_blank\" id=\"descargar-checklist\" rel=\"noopener\">Descargar lista de emergencia<\/a><a href=\"https:\/\/noticiasya.com\/categoria\/huracanes-clima\/?utm_source=Article&amp;utm_medium=Internal-Link&amp;utm_campaign=Related-Content\" target=\"_blank\" rel=\"noopener\">Mira el estado del tiempo<\/a>\n<\/div>\n<p>Inf\u00f3rmate, consulta nuestra Gu\u00eda de Huracanes:<\/p>\n<ul class=\"hurricane_list\">\n<li><a class=\"hurricane_menu\" href=\"http:\/\/noticiasya.com\/huracanes\/que-es-un-huracan\/\">\u00bfQu\u00e9 es un Hurac\u00e1n?<\/a><\/li>\n<li><a class=\"hurricane_menu\" href=\"http:\/\/noticiasya.com\/huracanes\/escala-de-huracanes\/\">Escala de Huracanes<\/a><\/li>\n<li><a class=\"hurricane_menu\" href=\"http:\/\/noticiasya.com\/huracanes\/antes-de-un-huracan\/\">Antes de un Hurac\u00e1n<\/a><\/li>\n<li><a class=\"hurricane_menu\" href=\"http:\/\/noticiasya.com\/huracanes\/despues-de-un-huracan\/\">Despu\u00e9s de un Hurac\u00e1n<\/a><\/li>\n<li><a class=\"hurricane_menu\" href=\"http:\/\/noticiasya.com\/huracanes\/lista-de-cosas-necesarias\/\">Lista de cosas necesarias<\/a><\/li>\n<li><a class=\"hurricane_menu\" href=\"http:\/\/noticiasya.com\/huracanes\/bolsas-de-arena\/\">Bolsas de Arena<\/a><\/li>\n<li><a class=\"hurricane_menu\" href=\"http:\/\/noticiasya.com\/huracanes\/solicitud-de-asistencia\/\">Solicitud de Asistencia<\/a><\/li>\n<li><a class=\"hurricane_menu\" href=\"http:\/\/noticiasya.com\/huracanes\/sitios-importantes\/\">Sitios Importantes<\/a><\/li>\n<li><a class=\"hurricane_menu\" href=\"http:\/\/noticiasya.com\/huracanes\/numeros-importantes\/\">N\u00fameros Importantes<\/a><\/li>\n<li><a class=\"hurricane_menu\" href=\"http:\/\/noticiasya.com\/huracanes\/refugios\/\">Refugios<\/a><\/li>\n<li><a class=\"hurricane_menu\" href=\"http:\/\/noticiasya.com\/huracanes\/evacuaciones\/\">Evacuaciones<\/a><\/li>\n<li><a class=\"hurricane_menu\" href=\"http:\/\/noticiasya.com\/huracanes\/mascotas\/\">Mascotas<\/a><\/li>\n<\/ul>\n<h3>GALERIA DE VIDEOS<\/h3>\n<p>[digital-videos-list digital_video_category=&#187;Huracanes&#187; length=15]<\/p>\n","protected":false},"excerpt":{"rendered":"<p>[bc_video video_id=&#187;5569278566001&#8243; account_id=&#187;5443452546001&#8243; player_id=&#187;SyxNCWDRLW&#187;] Checa si est\u00e1s preparado Descargar lista de emergenciaMira el estado del tiempo Inf\u00f3rmate, consulta nuestra Gu\u00eda de Huracanes: \u00bfQu\u00e9 es un Hurac\u00e1n? Escala de Huracanes Antes de un Hurac\u00e1n Despu\u00e9s de un Hurac\u00e1n Lista de cosas necesarias Bolsas de Arena Solicitud de Asistencia Sitios Importantes N\u00fameros Importantes Refugios Evacuaciones Mascotas GALERIA [&hellip;]<\/p>\n","protected":false},"author":14,"featured_media":0,"parent":0,"menu_order":0,"comment_status":"closed","ping_status":"closed","template":"","meta":{"footnotes":""},"class_list":["post-37546","page","type-page","status-publish","hentry"],"yoast_head":"<!-- This site is optimized with the Yoast SEO plugin v24.4 - https:\/\/yoast.com\/wordpress\/plugins\/seo\/ -->\n<title>Huracanes: Datos \u00fatiles y Gu\u00eda de Emergencias - Noticias<\/title>\n<meta name=\"robots\" content=\"index, follow, max-snippet:-1, max-image-preview:large, max-video-preview:-1\" \/>\n<link rel=\"canonical\" href=\"https:\/\/noticiasya.com\/huracanes\/\" \/>\n<meta property=\"og:locale\" content=\"es_ES\" \/>\n<meta property=\"og:type\" content=\"article\" \/>\n<meta property=\"og:title\" content=\"Huracanes: Datos \u00fatiles y Gu\u00eda de Emergencias - Noticias\" \/>\n<meta property=\"og:description\" content=\"[bc_video video_id=&#187;5569278566001&#8243; account_id=&#187;5443452546001&#8243; player_id=&#187;SyxNCWDRLW&#187;] Checa si est\u00e1s preparado Descargar lista de emergenciaMira el estado del tiempo Inf\u00f3rmate, consulta nuestra Gu\u00eda de Huracanes: \u00bfQu\u00e9 es un Hurac\u00e1n? Escala de Huracanes Antes de un Hurac\u00e1n Despu\u00e9s de un Hurac\u00e1n Lista de cosas necesarias Bolsas de Arena Solicitud de Asistencia Sitios Importantes N\u00fameros Importantes Refugios Evacuaciones Mascotas GALERIA [&hellip;]\" \/>\n<meta property=\"og:url\" content=\"https:\/\/noticiasya.com\/huracanes\/\" \/>\n<meta property=\"og:site_name\" content=\"Noticias\" \/>\n<meta name=\"twitter:card\" content=\"summary_large_image\" \/>\n<script type=\"application\/ld+json\" class=\"yoast-schema-graph\">{\"@context\":\"https:\/\/schema.org\",\"@graph\":[{\"@type\":\"WebPage\",\"@id\":\"https:\/\/noticiasya.com\/huracanes\/\",\"url\":\"https:\/\/noticiasya.com\/huracanes\/\",\"name\":\"Huracanes: Datos \u00fatiles y Gu\u00eda de Emergencias - Noticias\",\"isPartOf\":{\"@id\":\"https:\/\/noticiasya.com\/#website\"},\"datePublished\":\"2015-05-19T18:07:01+00:00\",\"breadcrumb\":{\"@id\":\"https:\/\/noticiasya.com\/huracanes\/#breadcrumb\"},\"inLanguage\":\"es\",\"potentialAction\":[{\"@type\":\"ReadAction\",\"target\":[\"https:\/\/noticiasya.com\/huracanes\/\"]}]},{\"@type\":\"BreadcrumbList\",\"@id\":\"https:\/\/noticiasya.com\/huracanes\/#breadcrumb\",\"itemListElement\":[{\"@type\":\"ListItem\",\"position\":1,\"name\":\"Home\",\"item\":\"https:\/\/noticiasya.com\/\"},{\"@type\":\"ListItem\",\"position\":2,\"name\":\"Huracanes: Datos \u00fatiles y Gu\u00eda de Emergencias\"}]},{\"@type\":\"WebSite\",\"@id\":\"https:\/\/noticiasya.com\/#website\",\"url\":\"https:\/\/noticiasya.com\/\",\"name\":\"Noticias\",\"description\":\"Lo que importa\",\"publisher\":{\"@id\":\"https:\/\/noticiasya.com\/#organization\"},\"potentialAction\":[{\"@type\":\"SearchAction\",\"target\":{\"@type\":\"EntryPoint\",\"urlTemplate\":\"https:\/\/noticiasya.com\/?s={search_term_string}\"},\"query-input\":{\"@type\":\"PropertyValueSpecification\",\"valueRequired\":true,\"valueName\":\"search_term_string\"}}],\"inLanguage\":\"es\"},{\"@type\":\"Organization\",\"@id\":\"https:\/\/noticiasya.com\/#organization\",\"name\":\"Noticias\",\"url\":\"https:\/\/noticiasya.com\/\",\"logo\":{\"@type\":\"ImageObject\",\"inLanguage\":\"es\",\"@id\":\"https:\/\/noticiasya.com\/#\/schema\/logo\/image\/\",\"url\":\"https:\/\/noticiasya.com\/wp-content\/uploads\/sites\/22\/2023\/12\/logo-nacional.png\",\"contentUrl\":\"https:\/\/noticiasya.com\/wp-content\/uploads\/sites\/22\/2023\/12\/logo-nacional.png\",\"width\":1801,\"height\":691,\"caption\":\"Noticias\"},\"image\":{\"@id\":\"https:\/\/noticiasya.com\/#\/schema\/logo\/image\/\"}}]}<\/script>\n<!-- \/ Yoast SEO plugin. -->","yoast_head_json":{"title":"Huracanes: Datos \u00fatiles y Gu\u00eda de Emergencias - Noticias","robots":{"index":"index","follow":"follow","max-snippet":"max-snippet:-1","max-image-preview":"max-image-preview:large","max-video-preview":"max-video-preview:-1"},"canonical":"https:\/\/noticiasya.com\/huracanes\/","og_locale":"es_ES","og_type":"article","og_title":"Huracanes: Datos \u00fatiles y Gu\u00eda de Emergencias - Noticias","og_description":"[bc_video video_id=&#187;5569278566001&#8243; account_id=&#187;5443452546001&#8243; player_id=&#187;SyxNCWDRLW&#187;] Checa si est\u00e1s preparado Descargar lista de emergenciaMira el estado del tiempo Inf\u00f3rmate, consulta nuestra Gu\u00eda de Huracanes: \u00bfQu\u00e9 es un Hurac\u00e1n? Escala de Huracanes Antes de un Hurac\u00e1n Despu\u00e9s de un Hurac\u00e1n Lista de cosas necesarias Bolsas de Arena Solicitud de Asistencia Sitios Importantes N\u00fameros Importantes Refugios Evacuaciones Mascotas GALERIA [&hellip;]","og_url":"https:\/\/noticiasya.com\/huracanes\/","og_site_name":"Noticias","twitter_card":"summary_large_image","schema":{"@context":"https:\/\/schema.org","@graph":[{"@type":"WebPage","@id":"https:\/\/noticiasya.com\/huracanes\/","url":"https:\/\/noticiasya.com\/huracanes\/","name":"Huracanes: Datos \u00fatiles y Gu\u00eda de Emergencias - Noticias","isPartOf":{"@id":"https:\/\/noticiasya.com\/#website"},"datePublished":"2015-05-19T18:07:01+00:00","breadcrumb":{"@id":"https:\/\/noticiasya.com\/huracanes\/#breadcrumb"},"inLanguage":"es","potentialAction":[{"@type":"ReadAction","target":["https:\/\/noticiasya.com\/huracanes\/"]}]},{"@type":"BreadcrumbList","@id":"https:\/\/noticiasya.com\/huracanes\/#breadcrumb","itemListElement":[{"@type":"ListItem","position":1,"name":"Home","item":"https:\/\/noticiasya.com\/"},{"@type":"ListItem","position":2,"name":"Huracanes: Datos \u00fatiles y Gu\u00eda de Emergencias"}]},{"@type":"WebSite","@id":"https:\/\/noticiasya.com\/#website","url":"https:\/\/noticiasya.com\/","name":"Noticias","description":"Lo que importa","publisher":{"@id":"https:\/\/noticiasya.com\/#organization"},"potentialAction":[{"@type":"SearchAction","target":{"@type":"EntryPoint","urlTemplate":"https:\/\/noticiasya.com\/?s={search_term_string}"},"query-input":{"@type":"PropertyValueSpecification","valueRequired":true,"valueName":"search_term_string"}}],"inLanguage":"es"},{"@type":"Organization","@id":"https:\/\/noticiasya.com\/#organization","name":"Noticias","url":"https:\/\/noticiasya.com\/","logo":{"@type":"ImageObject","inLanguage":"es","@id":"https:\/\/noticiasya.com\/#\/schema\/logo\/image\/","url":"https:\/\/noticiasya.com\/wp-content\/uploads\/sites\/22\/2023\/12\/logo-nacional.png","contentUrl":"https:\/\/noticiasya.com\/wp-content\/uploads\/sites\/22\/2023\/12\/logo-nacional.png","width":1801,"height":691,"caption":"Noticias"},"image":{"@id":"https:\/\/noticiasya.com\/#\/schema\/logo\/image\/"}}]}},"parsely":{"version":"1.1.0","canonical_url":"https:\/\/noticiasya.com\/san-angelo\/huracanes\/","smart_links":{"inbound":0,"outbound":0},"traffic_boost_suggestions_count":0,"meta":{"@context":"https:\/\/schema.org","@type":"WebPage","headline":"Huracanes: Datos \u00fatiles y Gu\u00eda de Emergencias","url":"http:\/\/noticiasya.com\/san-angelo\/huracanes\/","mainEntityOfPage":{"@type":"WebPage","@id":"http:\/\/noticiasya.com\/san-angelo\/huracanes\/"},"thumbnailUrl":"","image":{"@type":"ImageObject","url":""},"articleSection":"Noticias Nacionales","author":[{"@type":"Person","name":"agomez"}],"creator":["agomez"],"publisher":{"@type":"Organization","name":"Noticias","logo":""},"keywords":[],"dateCreated":"2015-05-19T18:07:01Z","datePublished":"2015-05-19T18:07:01Z","dateModified":"2015-05-19T18:07:01Z"},"rendered":"<script type=\"application\/ld+json\" class=\"wp-parsely-metadata\">{\"@context\":\"https:\\\/\\\/schema.org\",\"@type\":\"WebPage\",\"headline\":\"Huracanes: Datos \\u00fatiles y Gu\\u00eda de Emergencias\",\"url\":\"http:\\\/\\\/noticiasya.com\\\/san-angelo\\\/huracanes\\\/\",\"mainEntityOfPage\":{\"@type\":\"WebPage\",\"@id\":\"http:\\\/\\\/noticiasya.com\\\/san-angelo\\\/huracanes\\\/\"},\"thumbnailUrl\":\"\",\"image\":{\"@type\":\"ImageObject\",\"url\":\"\"},\"articleSection\":\"Noticias Nacionales\",\"author\":[{\"@type\":\"Person\",\"name\":\"agomez\"}],\"creator\":[\"agomez\"],\"publisher\":{\"@type\":\"Organization\",\"name\":\"Noticias\",\"logo\":\"\"},\"keywords\":[],\"dateCreated\":\"2015-05-19T18:07:01Z\",\"datePublished\":\"2015-05-19T18:07:01Z\",\"dateModified\":\"2015-05-19T18:07:01Z\"}<\/script>","tracker_url":"https:\/\/cdn.parsely.com\/keys\/noticiasya.com\/p.js"},"jetpack-related-posts":[{"id":37551,"url":"https:\/\/noticiasya.com\/san-angelo\/huracanes\/guia-de-huracanes\/","url_meta":{"origin":37546,"position":0},"title":"Gu\u00eda de Huracanes","author":"agomez","date":"mayo 19, 2015","format":false,"excerpt":"Aqu\u00ed encontrar\u00e1s la informaci\u00f3n que necesitas para prepararte antes, durante y despu\u00e9s de un hurac\u00e1n. http:\/\/www.floridadisaster.org\/documents\/HurricaneBrochure-Spanish.pdf","rel":"","context":"Similar post","block_context":{"text":"Similar post","link":""},"img":{"alt_text":"","src":"","width":0,"height":0},"classes":[]},{"id":39115,"url":"https:\/\/noticiasya.com\/san-angelo\/huracanes\/una-guia-rapida\/","url_meta":{"origin":37546,"position":1},"title":"Una guia r\u00e1pida","author":"agomez","date":"mayo 21, 2015","format":false,"excerpt":"Le recomendamos que lea todas la paginas previas para que este familiarizado con todo lo que debe hacer antes, durante y despu\u00e9s de un hurac\u00e1n.\u00a0 Esta es una guia rapida para que se asegure que ya esta preparado para cualquier emergencia. Manual de preparacion Este Manual de Preparaci\u00f3n Contra Desastres\u2026","rel":"","context":"Similar post","block_context":{"text":"Similar post","link":""},"img":{"alt_text":"","src":"","width":0,"height":0},"classes":[]},{"id":37557,"url":"https:\/\/noticiasya.com\/san-angelo\/huracanes\/que-es-un-huracan\/","url_meta":{"origin":37546,"position":2},"title":"\u00bfQu\u00e9 es un Hurac\u00e1n?","author":"agomez","date":"mayo 19, 2015","format":false,"excerpt":"Mira aqu\u00ed toda la informaci\u00f3n acerca de la temporada de huracanes Depresi\u00f3n Tropical Sistema organziado de nubes acompa\u00f1ado de lluvias y vientos m\u00e1ximos sostenidos de 38 mph. Tormenta Tropical Sistema organizado de nubes, tormentas el\u00e9ctricas y lluvia que alcanza vientos sostenidos de 39 mph. a 73 mph y mantiene un\u2026","rel":"","context":"Similar post","block_context":{"text":"Similar post","link":""},"img":{"alt_text":"","src":"","width":0,"height":0},"classes":[]},{"id":37591,"url":"https:\/\/noticiasya.com\/san-angelo\/huracanes\/informacion-de-seguros\/","url_meta":{"origin":37546,"position":3},"title":"Informaci\u00f3n de Seguros","author":"agomez","date":"mayo 19, 2015","format":false,"excerpt":"Mira aqu\u00ed toda la informaci\u00f3n de la temporada de huracanes Cuando una zona geogr\u00e1fica se encuentra bajo amenaza de hurac\u00e1n, las compa\u00f1\u00edas de seguro no pueden realizar p\u00f3lizas para las viviendas del \u00e1rea. Adem\u00e1s, el seguro de casa no protege contra inundaciones. Para usted conseguir este tipo de seguro, usted\u2026","rel":"","context":"Similar post","block_context":{"text":"Similar post","link":""},"img":{"alt_text":"","src":"","width":0,"height":0},"classes":[]},{"id":37572,"url":"https:\/\/noticiasya.com\/san-angelo\/huracanes\/antes-de-un-huracan\/","url_meta":{"origin":37546,"position":4},"title":"Antes de un Hurac\u00e1n","author":"agomez","date":"mayo 19, 2015","format":false,"excerpt":"Mira aqu\u00ed toda la informaci\u00f3n de la temporada de huracanes Conozca la diferencia entre \u201cAdvertencia\u201d y \u201cAviso\u201d. Las condiciones de hurac\u00e1n son posibles en la zona especificada en la ADVERTENCIA, normalmente dentro de las pr\u00f3ximas 36 horas. AVISO:\u00a0Las condiciones de hurac\u00e1n se pronostican en la zona especificada en el AVISO,\u2026","rel":"","context":"Similar post","block_context":{"text":"Similar post","link":""},"img":{"alt_text":"TopHuracanes-AmtesHuracan","src":"https:\/\/i0.wp.com\/noticiasya.com\/wp-content\/uploads\/sites\/3\/2015\/05\/tophuracanes-amteshuracan.jpg?resize=350%2C200&ssl=1","width":350,"height":200,"srcset":"https:\/\/i0.wp.com\/noticiasya.com\/wp-content\/uploads\/sites\/3\/2015\/05\/tophuracanes-amteshuracan.jpg?resize=350%2C200&ssl=1 1x, https:\/\/i0.wp.com\/noticiasya.com\/wp-content\/uploads\/sites\/3\/2015\/05\/tophuracanes-amteshuracan.jpg?resize=525%2C300&ssl=1 1.5x, https:\/\/i0.wp.com\/noticiasya.com\/wp-content\/uploads\/sites\/3\/2015\/05\/tophuracanes-amteshuracan.jpg?resize=700%2C400&ssl=1 2x, https:\/\/i0.wp.com\/noticiasya.com\/wp-content\/uploads\/sites\/3\/2015\/05\/tophuracanes-amteshuracan.jpg?resize=1050%2C600&ssl=1 3x"},"classes":[]},{"id":42003,"url":"https:\/\/noticiasya.com\/san-angelo\/huracanes\/despues-de-un-huracan\/","url_meta":{"origin":37546,"position":5},"title":"Despu\u00e9s de un Hurac\u00e1n","author":"agomez","date":"mayo 27, 2015","format":false,"excerpt":"Mira aqu\u00ed toda la informaci\u00f3n de la temporada de huracanes Permanezca donde est\u00e1 si se encuentra en un lugar seguro hasta que las autoridades locales indiquen que es seguro salir. Si ha sido evacuado de su comunidad, no regrese al \u00e1rea hasta que las autoridades digan que es seguro regresar.\u2026","rel":"","context":"Similar post","block_context":{"text":"Similar post","link":""},"img":{"alt_text":"","src":"","width":0,"height":0},"classes":[]}],"jetpack_sharing_enabled":true,"_links":{"self":[{"href":"https:\/\/noticiasya.com\/san-angelo\/wp-json\/wp\/v2\/pages\/37546","targetHints":{"allow":["GET"]}}],"collection":[{"href":"https:\/\/noticiasya.com\/san-angelo\/wp-json\/wp\/v2\/pages"}],"about":[{"href":"https:\/\/noticiasya.com\/san-angelo\/wp-json\/wp\/v2\/types\/page"}],"author":[{"embeddable":true,"href":"https:\/\/noticiasya.com\/san-angelo\/wp-json\/wp\/v2\/users\/14"}],"replies":[{"embeddable":true,"href":"https:\/\/noticiasya.com\/san-angelo\/wp-json\/wp\/v2\/comments?post=37546"}],"version-history":[{"count":0,"href":"https:\/\/noticiasya.com\/san-angelo\/wp-json\/wp\/v2\/pages\/37546\/revisions"}],"wp:attachment":[{"href":"https:\/\/noticiasya.com\/san-angelo\/wp-json\/wp\/v2\/media?parent=37546"}],"curies":[{"name":"wp","href":"https:\/\/api.w.org\/{rel}","templated":true}]}}