{"id":1119217,"date":"2019-08-23T11:17:14","date_gmt":"2019-08-23T18:17:14","guid":{"rendered":"http:\/\/noticiasya.com\/?page_id=1119217"},"modified":"2019-08-23T11:17:14","modified_gmt":"2019-08-23T18:17:14","slug":"elgrito","status":"publish","type":"page","link":"https:\/\/noticiasya.com\/san-diego\/elgrito\/","title":{"rendered":"El Grito"},"content":{"rendered":"<div class=\"woobox-offer\" data-offer=\"9kw5zx\"><\/div>\n","protected":false},"excerpt":{"rendered":"","protected":false},"author":14,"featured_media":0,"parent":0,"menu_order":0,"comment_status":"closed","ping_status":"closed","template":"","meta":{"footnotes":""},"class_list":["post-1119217","page","type-page","status-publish","hentry"],"yoast_head":"<!-- This site is optimized with the Yoast SEO plugin v24.4 - https:\/\/yoast.com\/wordpress\/plugins\/seo\/ -->\n<title>El Grito - Noticias<\/title>\n<meta name=\"robots\" content=\"index, follow, max-snippet:-1, max-image-preview:large, max-video-preview:-1\" \/>\n<link rel=\"canonical\" href=\"https:\/\/noticiasya.com\/elgrito\/\" \/>\n<meta property=\"og:locale\" content=\"es_ES\" \/>\n<meta property=\"og:type\" content=\"article\" \/>\n<meta property=\"og:title\" content=\"El Grito - Noticias\" \/>\n<meta property=\"og:url\" content=\"https:\/\/noticiasya.com\/elgrito\/\" \/>\n<meta property=\"og:site_name\" content=\"Noticias\" \/>\n<meta name=\"twitter:card\" content=\"summary_large_image\" \/>\n<script type=\"application\/ld+json\" class=\"yoast-schema-graph\">{\"@context\":\"https:\/\/schema.org\",\"@graph\":[{\"@type\":\"WebPage\",\"@id\":\"https:\/\/noticiasya.com\/elgrito\/\",\"url\":\"https:\/\/noticiasya.com\/elgrito\/\",\"name\":\"El Grito - Noticias\",\"isPartOf\":{\"@id\":\"https:\/\/noticiasya.com\/#website\"},\"datePublished\":\"2019-08-23T18:17:14+00:00\",\"breadcrumb\":{\"@id\":\"https:\/\/noticiasya.com\/elgrito\/#breadcrumb\"},\"inLanguage\":\"es\",\"potentialAction\":[{\"@type\":\"ReadAction\",\"target\":[\"https:\/\/noticiasya.com\/elgrito\/\"]}]},{\"@type\":\"BreadcrumbList\",\"@id\":\"https:\/\/noticiasya.com\/elgrito\/#breadcrumb\",\"itemListElement\":[{\"@type\":\"ListItem\",\"position\":1,\"name\":\"Home\",\"item\":\"https:\/\/noticiasya.com\/\"},{\"@type\":\"ListItem\",\"position\":2,\"name\":\"El Grito\"}]},{\"@type\":\"WebSite\",\"@id\":\"https:\/\/noticiasya.com\/#website\",\"url\":\"https:\/\/noticiasya.com\/\",\"name\":\"Noticias\",\"description\":\"Lo que importa\",\"publisher\":{\"@id\":\"https:\/\/noticiasya.com\/#organization\"},\"potentialAction\":[{\"@type\":\"SearchAction\",\"target\":{\"@type\":\"EntryPoint\",\"urlTemplate\":\"https:\/\/noticiasya.com\/?s={search_term_string}\"},\"query-input\":{\"@type\":\"PropertyValueSpecification\",\"valueRequired\":true,\"valueName\":\"search_term_string\"}}],\"inLanguage\":\"es\"},{\"@type\":\"Organization\",\"@id\":\"https:\/\/noticiasya.com\/#organization\",\"name\":\"Noticias\",\"url\":\"https:\/\/noticiasya.com\/\",\"logo\":{\"@type\":\"ImageObject\",\"inLanguage\":\"es\",\"@id\":\"https:\/\/noticiasya.com\/#\/schema\/logo\/image\/\",\"url\":\"https:\/\/noticiasya.com\/wp-content\/uploads\/sites\/22\/2023\/12\/logo-nacional.png\",\"contentUrl\":\"https:\/\/noticiasya.com\/wp-content\/uploads\/sites\/22\/2023\/12\/logo-nacional.png\",\"width\":1801,\"height\":691,\"caption\":\"Noticias\"},\"image\":{\"@id\":\"https:\/\/noticiasya.com\/#\/schema\/logo\/image\/\"}}]}<\/script>\n<!-- \/ Yoast SEO plugin. -->","yoast_head_json":{"title":"El Grito - Noticias","robots":{"index":"index","follow":"follow","max-snippet":"max-snippet:-1","max-image-preview":"max-image-preview:large","max-video-preview":"max-video-preview:-1"},"canonical":"https:\/\/noticiasya.com\/elgrito\/","og_locale":"es_ES","og_type":"article","og_title":"El Grito - Noticias","og_url":"https:\/\/noticiasya.com\/elgrito\/","og_site_name":"Noticias","twitter_card":"summary_large_image","schema":{"@context":"https:\/\/schema.org","@graph":[{"@type":"WebPage","@id":"https:\/\/noticiasya.com\/elgrito\/","url":"https:\/\/noticiasya.com\/elgrito\/","name":"El Grito - Noticias","isPartOf":{"@id":"https:\/\/noticiasya.com\/#website"},"datePublished":"2019-08-23T18:17:14+00:00","breadcrumb":{"@id":"https:\/\/noticiasya.com\/elgrito\/#breadcrumb"},"inLanguage":"es","potentialAction":[{"@type":"ReadAction","target":["https:\/\/noticiasya.com\/elgrito\/"]}]},{"@type":"BreadcrumbList","@id":"https:\/\/noticiasya.com\/elgrito\/#breadcrumb","itemListElement":[{"@type":"ListItem","position":1,"name":"Home","item":"https:\/\/noticiasya.com\/"},{"@type":"ListItem","position":2,"name":"El Grito"}]},{"@type":"WebSite","@id":"https:\/\/noticiasya.com\/#website","url":"https:\/\/noticiasya.com\/","name":"Noticias","description":"Lo que importa","publisher":{"@id":"https:\/\/noticiasya.com\/#organization"},"potentialAction":[{"@type":"SearchAction","target":{"@type":"EntryPoint","urlTemplate":"https:\/\/noticiasya.com\/?s={search_term_string}"},"query-input":{"@type":"PropertyValueSpecification","valueRequired":true,"valueName":"search_term_string"}}],"inLanguage":"es"},{"@type":"Organization","@id":"https:\/\/noticiasya.com\/#organization","name":"Noticias","url":"https:\/\/noticiasya.com\/","logo":{"@type":"ImageObject","inLanguage":"es","@id":"https:\/\/noticiasya.com\/#\/schema\/logo\/image\/","url":"https:\/\/noticiasya.com\/wp-content\/uploads\/sites\/22\/2023\/12\/logo-nacional.png","contentUrl":"https:\/\/noticiasya.com\/wp-content\/uploads\/sites\/22\/2023\/12\/logo-nacional.png","width":1801,"height":691,"caption":"Noticias"},"image":{"@id":"https:\/\/noticiasya.com\/#\/schema\/logo\/image\/"}}]}},"parsely":{"version":"1.1.0","canonical_url":"https:\/\/noticiasya.com\/san-diego\/elgrito\/","smart_links":{"inbound":0,"outbound":0},"traffic_boost_suggestions_count":0,"meta":{"@context":"https:\/\/schema.org","@type":"WebPage","headline":"El Grito","url":"http:\/\/noticiasya.com\/san-diego\/elgrito\/","mainEntityOfPage":{"@type":"WebPage","@id":"http:\/\/noticiasya.com\/san-diego\/elgrito\/"},"thumbnailUrl":"","image":{"@type":"ImageObject","url":""},"articleSection":"Noticias Nacionales","author":[{"@type":"Person","name":"agomez"}],"creator":["agomez"],"publisher":{"@type":"Organization","name":"Noticias","logo":""},"keywords":[],"dateCreated":"2019-08-23T18:17:14Z","datePublished":"2019-08-23T18:17:14Z","dateModified":"2019-08-23T18:17:14Z"},"rendered":"<script type=\"application\/ld+json\" class=\"wp-parsely-metadata\">{\"@context\":\"https:\\\/\\\/schema.org\",\"@type\":\"WebPage\",\"headline\":\"El Grito\",\"url\":\"http:\\\/\\\/noticiasya.com\\\/san-diego\\\/elgrito\\\/\",\"mainEntityOfPage\":{\"@type\":\"WebPage\",\"@id\":\"http:\\\/\\\/noticiasya.com\\\/san-diego\\\/elgrito\\\/\"},\"thumbnailUrl\":\"\",\"image\":{\"@type\":\"ImageObject\",\"url\":\"\"},\"articleSection\":\"Noticias Nacionales\",\"author\":[{\"@type\":\"Person\",\"name\":\"agomez\"}],\"creator\":[\"agomez\"],\"publisher\":{\"@type\":\"Organization\",\"name\":\"Noticias\",\"logo\":\"\"},\"keywords\":[],\"dateCreated\":\"2019-08-23T18:17:14Z\",\"datePublished\":\"2019-08-23T18:17:14Z\",\"dateModified\":\"2019-08-23T18:17:14Z\"}<\/script>","tracker_url":"https:\/\/cdn.parsely.com\/keys\/noticiasya.com\/p.js"},"jetpack-related-posts":[{"id":1349844,"url":"https:\/\/noticiasya.com\/san-diego\/usd\/","url_meta":{"origin":1119217,"position":0},"title":"USD","author":"agomez","date":"septiembre 14, 2021","format":false,"excerpt":"","rel":"","context":"Similar post","block_context":{"text":"Similar post","link":""},"img":{"alt_text":"","src":"","width":0,"height":0},"classes":[]},{"id":1127390,"url":"https:\/\/noticiasya.com\/san-diego\/heroes\/","url_meta":{"origin":1119217,"position":1},"title":"Heroes","author":"agomez","date":"septiembre 13, 2019","format":false,"excerpt":"[bc_video video_id=\"6093271025001\" account_id=\"5443452546001\" player_id=\"4typnYx6Wt\" embed=\"in-page\" padding_top=\"56%\" autoplay=\"\" min_width=\"0px\" max_width=\"640px\" width=\"100%\" height=\"100%\"] [bc_video video_id=\"6088839919001\" account_id=\"5443452546001\" player_id=\"4typnYx6Wt\" embed=\"in-page\" padding_top=\"56%\" autoplay=\"\" min_width=\"0px\" max_width=\"320px\" width=\"100%\" height=\"100%\"] [bc_video video_id=\"6087855063001\" account_id=\"5443452546001\" player_id=\"4typnYx6Wt\" embed=\"in-page\" padding_top=\"56%\" autoplay=\"\" min_width=\"0px\" max_width=\"320px\" width=\"100%\" height=\"100%\"] [bc_video video_id=\"6087855076001\" account_id=\"5443452546001\" player_id=\"4typnYx6Wt\" embed=\"in-page\" padding_top=\"56%\" autoplay=\"\" min_width=\"0px\" max_width=\"320px\" width=\"100%\" height=\"100%\"]","rel":"","context":"Similar post","block_context":{"text":"Similar post","link":""},"img":{"alt_text":"","src":"","width":0,"height":0},"classes":[]},{"id":41904,"url":"https:\/\/noticiasya.com\/san-diego\/cuaderno-de-james-holmes-ha-sido-revelado\/","url_meta":{"origin":1119217,"position":2},"title":"Cuaderno de James Holmes ha sido revelado","author":"agomez","date":"mayo 27, 2015","format":false,"excerpt":"Despu\u00e9s de 19 d\u00edas en el Caso del Juicio de James Holmes, hoy por fin se hizo p\u00fablico el tan esperado cuaderno del acusado, en el cual planeo la masacre del Cine Centuary 16 en Aurora el 20 de Julio del 2012. El cuaderno fue parte del testimonio del Sargento\u2026","rel":"","context":"Similar post","block_context":{"text":"Similar post","link":""},"img":{"alt_text":"","src":"","width":0,"height":0},"classes":[]},{"id":8548,"url":"https:\/\/noticiasya.com\/san-diego\/paa\/","url_meta":{"origin":1119217,"position":3},"title":"Preg\u00fantale al Abogado","author":"agomez","date":"marzo 31, 2015","format":false,"excerpt":"","rel":"","context":"Similar post","block_context":{"text":"Similar post","link":""},"img":{"alt_text":"","src":"","width":0,"height":0},"classes":[]},{"id":661571,"url":"https:\/\/noticiasya.com\/san-diego\/preguntale-al-abogado-el-valle\/","url_meta":{"origin":1119217,"position":4},"title":"Preg\u00fantale al Abogado El Valle","author":"agomez","date":"diciembre 15, 2016","format":false,"excerpt":"","rel":"","context":"Similar post","block_context":{"text":"Similar post","link":""},"img":{"alt_text":"","src":"","width":0,"height":0},"classes":[]},{"id":37588,"url":"https:\/\/noticiasya.com\/san-diego\/huracanes\/solicitud-de-asistencia\/","url_meta":{"origin":1119217,"position":5},"title":"Solicitud de Asistencia","author":"agomez","date":"mayo 19, 2015","format":false,"excerpt":"Mira aqu\u00ed toda la informaci\u00f3n de la temporada de huracanes El proceso de solicitud de asistencia por desastre para individuos LLAME PARA SOLICITAR ASISTENCIA AL 1-800-621-FEMA (3362) Para uso EXCLUSIVO de personas en \u00e1reas de desastre designadas federalmente. Est\u00e9 preparado para dar su n\u00famero del Seguro Social, describir sus p\u00e9rdidas,\u2026","rel":"","context":"Similar post","block_context":{"text":"Similar post","link":""},"img":{"alt_text":"","src":"","width":0,"height":0},"classes":[]}],"jetpack_sharing_enabled":true,"_links":{"self":[{"href":"https:\/\/noticiasya.com\/san-diego\/wp-json\/wp\/v2\/pages\/1119217","targetHints":{"allow":["GET"]}}],"collection":[{"href":"https:\/\/noticiasya.com\/san-diego\/wp-json\/wp\/v2\/pages"}],"about":[{"href":"https:\/\/noticiasya.com\/san-diego\/wp-json\/wp\/v2\/types\/page"}],"author":[{"embeddable":true,"href":"https:\/\/noticiasya.com\/san-diego\/wp-json\/wp\/v2\/users\/14"}],"replies":[{"embeddable":true,"href":"https:\/\/noticiasya.com\/san-diego\/wp-json\/wp\/v2\/comments?post=1119217"}],"version-history":[{"count":0,"href":"https:\/\/noticiasya.com\/san-diego\/wp-json\/wp\/v2\/pages\/1119217\/revisions"}],"wp:attachment":[{"href":"https:\/\/noticiasya.com\/san-diego\/wp-json\/wp\/v2\/media?parent=1119217"}],"curies":[{"name":"wp","href":"https:\/\/api.w.org\/{rel}","templated":true}]}}