{"id":1182023,"date":"2020-02-28T16:37:06","date_gmt":"2020-02-29T00:37:06","guid":{"rendered":"http:\/\/noticiasya.com\/?page_id=1182023"},"modified":"2024-04-23T12:26:40","modified_gmt":"2024-04-23T19:26:40","slug":"ucsandiego","status":"publish","type":"page","link":"https:\/\/noticiasya.com\/san-diego\/ucsandiego\/","title":{"rendered":"UC SAN DIEGO"},"content":{"rendered":"<div class=\"uc_sandiego_page\">\n<a href=\"https:\/\/miuniversidad.ucsd.edu\/\" target=\"_blank\" rel=\"noopener\"><img decoding=\"async\" src=\"https:\/\/noticiasya.com\/wp-content\/uploads\/sites\/22\/2024\/04\/UCSanDiegoLogo-BlueGold.png\"><\/a>\n<\/div>\n<p><script src=\"https:\/\/static.elfsight.com\/platform\/platform.js\" data-use-service-core defer><\/script><\/p>\n<div class=\"elfsight-app-a68b3064-7614-43f6-ac62-f76ce85b62de\" data-elfsight-app-lazy><\/div>\n","protected":false},"excerpt":{"rendered":"","protected":false},"author":14,"featured_media":0,"parent":0,"menu_order":0,"comment_status":"closed","ping_status":"closed","template":"custom-page-template-fullwidth","meta":{"footnotes":""},"class_list":["post-1182023","page","type-page","status-publish","hentry"],"yoast_head":"<!-- This site is optimized with the Yoast SEO plugin v24.4 - https:\/\/yoast.com\/wordpress\/plugins\/seo\/ -->\n<title>UC SAN DIEGO - Noticias<\/title>\n<meta name=\"robots\" content=\"index, follow, max-snippet:-1, max-image-preview:large, max-video-preview:-1\" \/>\n<link rel=\"canonical\" href=\"https:\/\/noticiasya.com\/ucsandiego\/\" \/>\n<meta property=\"og:locale\" content=\"es_ES\" \/>\n<meta property=\"og:type\" content=\"article\" \/>\n<meta property=\"og:title\" content=\"UC SAN DIEGO - Noticias\" \/>\n<meta property=\"og:url\" content=\"https:\/\/noticiasya.com\/ucsandiego\/\" \/>\n<meta property=\"og:site_name\" content=\"Noticias\" \/>\n<meta property=\"article:modified_time\" content=\"2024-04-23T19:26:40+00:00\" \/>\n<meta property=\"og:image\" content=\"https:\/\/noticiasya.com\/wp-content\/uploads\/sites\/22\/2024\/04\/UCSanDiegoLogo-BlueGold.png\" \/>\n<meta name=\"twitter:card\" content=\"summary_large_image\" \/>\n<script type=\"application\/ld+json\" class=\"yoast-schema-graph\">{\"@context\":\"https:\/\/schema.org\",\"@graph\":[{\"@type\":\"WebPage\",\"@id\":\"https:\/\/noticiasya.com\/ucsandiego\/\",\"url\":\"https:\/\/noticiasya.com\/ucsandiego\/\",\"name\":\"UC SAN DIEGO - Noticias\",\"isPartOf\":{\"@id\":\"https:\/\/noticiasya.com\/#website\"},\"primaryImageOfPage\":{\"@id\":\"https:\/\/noticiasya.com\/ucsandiego\/#primaryimage\"},\"image\":{\"@id\":\"https:\/\/noticiasya.com\/ucsandiego\/#primaryimage\"},\"thumbnailUrl\":\"https:\/\/noticiasya.com\/wp-content\/uploads\/sites\/22\/2024\/04\/UCSanDiegoLogo-BlueGold.png\",\"datePublished\":\"2020-02-29T00:37:06+00:00\",\"dateModified\":\"2024-04-23T19:26:40+00:00\",\"breadcrumb\":{\"@id\":\"https:\/\/noticiasya.com\/ucsandiego\/#breadcrumb\"},\"inLanguage\":\"es\",\"potentialAction\":[{\"@type\":\"ReadAction\",\"target\":[\"https:\/\/noticiasya.com\/ucsandiego\/\"]}]},{\"@type\":\"ImageObject\",\"inLanguage\":\"es\",\"@id\":\"https:\/\/noticiasya.com\/ucsandiego\/#primaryimage\",\"url\":\"https:\/\/noticiasya.com\/wp-content\/uploads\/sites\/22\/2024\/04\/UCSanDiegoLogo-BlueGold.png\",\"contentUrl\":\"https:\/\/noticiasya.com\/wp-content\/uploads\/sites\/22\/2024\/04\/UCSanDiegoLogo-BlueGold.png\"},{\"@type\":\"BreadcrumbList\",\"@id\":\"https:\/\/noticiasya.com\/ucsandiego\/#breadcrumb\",\"itemListElement\":[{\"@type\":\"ListItem\",\"position\":1,\"name\":\"Home\",\"item\":\"https:\/\/noticiasya.com\/\"},{\"@type\":\"ListItem\",\"position\":2,\"name\":\"UC SAN DIEGO\"}]},{\"@type\":\"WebSite\",\"@id\":\"https:\/\/noticiasya.com\/#website\",\"url\":\"https:\/\/noticiasya.com\/\",\"name\":\"Noticias\",\"description\":\"Lo que importa\",\"publisher\":{\"@id\":\"https:\/\/noticiasya.com\/#organization\"},\"potentialAction\":[{\"@type\":\"SearchAction\",\"target\":{\"@type\":\"EntryPoint\",\"urlTemplate\":\"https:\/\/noticiasya.com\/?s={search_term_string}\"},\"query-input\":{\"@type\":\"PropertyValueSpecification\",\"valueRequired\":true,\"valueName\":\"search_term_string\"}}],\"inLanguage\":\"es\"},{\"@type\":\"Organization\",\"@id\":\"https:\/\/noticiasya.com\/#organization\",\"name\":\"Noticias\",\"url\":\"https:\/\/noticiasya.com\/\",\"logo\":{\"@type\":\"ImageObject\",\"inLanguage\":\"es\",\"@id\":\"https:\/\/noticiasya.com\/#\/schema\/logo\/image\/\",\"url\":\"https:\/\/noticiasya.com\/wp-content\/uploads\/sites\/22\/2023\/12\/logo-nacional.png\",\"contentUrl\":\"https:\/\/noticiasya.com\/wp-content\/uploads\/sites\/22\/2023\/12\/logo-nacional.png\",\"width\":1801,\"height\":691,\"caption\":\"Noticias\"},\"image\":{\"@id\":\"https:\/\/noticiasya.com\/#\/schema\/logo\/image\/\"}}]}<\/script>\n<!-- \/ Yoast SEO plugin. -->","yoast_head_json":{"title":"UC SAN DIEGO - Noticias","robots":{"index":"index","follow":"follow","max-snippet":"max-snippet:-1","max-image-preview":"max-image-preview:large","max-video-preview":"max-video-preview:-1"},"canonical":"https:\/\/noticiasya.com\/ucsandiego\/","og_locale":"es_ES","og_type":"article","og_title":"UC SAN DIEGO - Noticias","og_url":"https:\/\/noticiasya.com\/ucsandiego\/","og_site_name":"Noticias","article_modified_time":"2024-04-23T19:26:40+00:00","og_image":[{"url":"https:\/\/noticiasya.com\/wp-content\/uploads\/sites\/22\/2024\/04\/UCSanDiegoLogo-BlueGold.png","type":"","width":"","height":""}],"twitter_card":"summary_large_image","schema":{"@context":"https:\/\/schema.org","@graph":[{"@type":"WebPage","@id":"https:\/\/noticiasya.com\/ucsandiego\/","url":"https:\/\/noticiasya.com\/ucsandiego\/","name":"UC SAN DIEGO - Noticias","isPartOf":{"@id":"https:\/\/noticiasya.com\/#website"},"primaryImageOfPage":{"@id":"https:\/\/noticiasya.com\/ucsandiego\/#primaryimage"},"image":{"@id":"https:\/\/noticiasya.com\/ucsandiego\/#primaryimage"},"thumbnailUrl":"https:\/\/noticiasya.com\/wp-content\/uploads\/sites\/22\/2024\/04\/UCSanDiegoLogo-BlueGold.png","datePublished":"2020-02-29T00:37:06+00:00","dateModified":"2024-04-23T19:26:40+00:00","breadcrumb":{"@id":"https:\/\/noticiasya.com\/ucsandiego\/#breadcrumb"},"inLanguage":"es","potentialAction":[{"@type":"ReadAction","target":["https:\/\/noticiasya.com\/ucsandiego\/"]}]},{"@type":"ImageObject","inLanguage":"es","@id":"https:\/\/noticiasya.com\/ucsandiego\/#primaryimage","url":"https:\/\/noticiasya.com\/wp-content\/uploads\/sites\/22\/2024\/04\/UCSanDiegoLogo-BlueGold.png","contentUrl":"https:\/\/noticiasya.com\/wp-content\/uploads\/sites\/22\/2024\/04\/UCSanDiegoLogo-BlueGold.png"},{"@type":"BreadcrumbList","@id":"https:\/\/noticiasya.com\/ucsandiego\/#breadcrumb","itemListElement":[{"@type":"ListItem","position":1,"name":"Home","item":"https:\/\/noticiasya.com\/"},{"@type":"ListItem","position":2,"name":"UC SAN DIEGO"}]},{"@type":"WebSite","@id":"https:\/\/noticiasya.com\/#website","url":"https:\/\/noticiasya.com\/","name":"Noticias","description":"Lo que importa","publisher":{"@id":"https:\/\/noticiasya.com\/#organization"},"potentialAction":[{"@type":"SearchAction","target":{"@type":"EntryPoint","urlTemplate":"https:\/\/noticiasya.com\/?s={search_term_string}"},"query-input":{"@type":"PropertyValueSpecification","valueRequired":true,"valueName":"search_term_string"}}],"inLanguage":"es"},{"@type":"Organization","@id":"https:\/\/noticiasya.com\/#organization","name":"Noticias","url":"https:\/\/noticiasya.com\/","logo":{"@type":"ImageObject","inLanguage":"es","@id":"https:\/\/noticiasya.com\/#\/schema\/logo\/image\/","url":"https:\/\/noticiasya.com\/wp-content\/uploads\/sites\/22\/2023\/12\/logo-nacional.png","contentUrl":"https:\/\/noticiasya.com\/wp-content\/uploads\/sites\/22\/2023\/12\/logo-nacional.png","width":1801,"height":691,"caption":"Noticias"},"image":{"@id":"https:\/\/noticiasya.com\/#\/schema\/logo\/image\/"}}]}},"parsely":{"version":"1.1.0","canonical_url":"https:\/\/noticiasya.com\/san-diego\/ucsandiego\/","smart_links":{"inbound":0,"outbound":0},"traffic_boost_suggestions_count":0,"meta":{"@context":"https:\/\/schema.org","@type":"WebPage","headline":"UC SAN DIEGO","url":"http:\/\/noticiasya.com\/san-diego\/ucsandiego\/","mainEntityOfPage":{"@type":"WebPage","@id":"http:\/\/noticiasya.com\/san-diego\/ucsandiego\/"},"thumbnailUrl":"","image":{"@type":"ImageObject","url":""},"articleSection":"Noticias Nacionales","author":[{"@type":"Person","name":"agomez"}],"creator":["agomez"],"publisher":{"@type":"Organization","name":"Noticias","logo":""},"keywords":[],"dateCreated":"2020-02-29T00:37:06Z","datePublished":"2020-02-29T00:37:06Z","dateModified":"2024-04-23T19:26:40Z"},"rendered":"<script type=\"application\/ld+json\" class=\"wp-parsely-metadata\">{\"@context\":\"https:\\\/\\\/schema.org\",\"@type\":\"WebPage\",\"headline\":\"UC SAN DIEGO\",\"url\":\"http:\\\/\\\/noticiasya.com\\\/san-diego\\\/ucsandiego\\\/\",\"mainEntityOfPage\":{\"@type\":\"WebPage\",\"@id\":\"http:\\\/\\\/noticiasya.com\\\/san-diego\\\/ucsandiego\\\/\"},\"thumbnailUrl\":\"\",\"image\":{\"@type\":\"ImageObject\",\"url\":\"\"},\"articleSection\":\"Noticias Nacionales\",\"author\":[{\"@type\":\"Person\",\"name\":\"agomez\"}],\"creator\":[\"agomez\"],\"publisher\":{\"@type\":\"Organization\",\"name\":\"Noticias\",\"logo\":\"\"},\"keywords\":[],\"dateCreated\":\"2020-02-29T00:37:06Z\",\"datePublished\":\"2020-02-29T00:37:06Z\",\"dateModified\":\"2024-04-23T19:26:40Z\"}<\/script>","tracker_url":"https:\/\/cdn.parsely.com\/keys\/noticiasya.com\/p.js"},"jetpack-related-posts":[{"id":1116744,"url":"https:\/\/noticiasya.com\/san-diego\/reprograma\/","url_meta":{"origin":1182023,"position":0},"title":"Univision San Diego en Canal 17.1 y 36.17","author":"agomez","date":"agosto 16, 2019","format":false,"excerpt":"[youtube https:\/\/www.youtube.com\/watch?v=etg-bPS9yXM] Tenemos muy buenas noticias, pues adicional a el canal 17.1, acabamos de ampliar nuestra cobertura para hacer que sea m\u00e1s f\u00e1cil que Univision llegue hasta tu casa. A partir de ya\u00a0 nos puedes encontrar en el canal 36.17 Asi que no pierdas tiempo, ahora mismo puedes hacer reescan\u2026","rel":"","context":"Similar post","block_context":{"text":"Similar post","link":""},"img":{"alt_text":"Univision San Diego. Selecciones Menu","src":"https:\/\/i0.wp.com\/noticiasya.com\/wp-content\/uploads\/sites\/3\/2019\/08\/menu-en-remoto.png?resize=350%2C200&ssl=1","width":350,"height":200,"srcset":"https:\/\/i0.wp.com\/noticiasya.com\/wp-content\/uploads\/sites\/3\/2019\/08\/menu-en-remoto.png?resize=350%2C200&ssl=1 1x, https:\/\/i0.wp.com\/noticiasya.com\/wp-content\/uploads\/sites\/3\/2019\/08\/menu-en-remoto.png?resize=525%2C300&ssl=1 1.5x"},"classes":[]},{"id":1376486,"url":"https:\/\/noticiasya.com\/san-diego\/podcasts\/","url_meta":{"origin":1182023,"position":1},"title":"Podcasts","author":"agomez","date":"febrero 21, 2022","format":false,"excerpt":"","rel":"","context":"Similar post","block_context":{"text":"Similar post","link":""},"img":{"alt_text":"","src":"","width":0,"height":0},"classes":[]},{"id":1442293,"url":"https:\/\/noticiasya.com\/san-diego\/trafico\/","url_meta":{"origin":1182023,"position":2},"title":"Tr\u00e1fico","author":"andresgomesz","date":"diciembre 5, 2023","format":false,"excerpt":"","rel":"","context":"Similar post","block_context":{"text":"Similar post","link":""},"img":{"alt_text":"","src":"","width":0,"height":0},"classes":[]},{"id":1132304,"url":"https:\/\/noticiasya.com\/san-diego\/instagram\/","url_meta":{"origin":1182023,"position":3},"title":"Instagram","author":"agomez","date":"septiembre 30, 2019","format":false,"excerpt":"","rel":"","context":"Similar post","block_context":{"text":"Similar post","link":""},"img":{"alt_text":"","src":"","width":0,"height":0},"classes":[]},{"id":1417524,"url":"https:\/\/noticiasya.com\/san-diego\/fcc-applications\/","url_meta":{"origin":1182023,"position":4},"title":"FCC Applications","author":"agomez","date":"agosto 3, 2022","format":false,"excerpt":"FCC Announcement KHAX-LD On August 1, 2022, Entravision Holdings, LLC the licensee of Station KHAX-LD, Channel 25, Vista, California, filed an application with the Federal Communications Commission for renewal of the Station\u2019s license. Members of the public wishing to view this application or obtain information about how to file comments\u2026","rel":"","context":"Similar post","block_context":{"text":"Similar post","link":""},"img":{"alt_text":"","src":"","width":0,"height":0},"classes":[]},{"id":886869,"url":"https:\/\/noticiasya.com\/san-diego\/newsletter-subscription\/","url_meta":{"origin":1182023,"position":5},"title":"Newsletter Subscription","author":"agomez","date":"diciembre 15, 2017","format":false,"excerpt":"Reg\u00edstrate para recibir #las m\u00e1s le\u00eddas [icontact_custom_signup_form form_action=\"?id=236&cid=677595&lid=17467\" captcha_key=\"6LeCZCcUAAAAALhxcQ5fN80W6Wa2K3GqRQK6WRjA\" captcha_th=\"light\" captcha_new=\"true\" field_1_type=\"text\" field_1_text=\"Nombre\" field_1_name=\"data%5Bfname%5D\" field_1_req=\"yes\" field_2_type=\"text\" field_2_text=\"Apellido\" field_2_name=\"data%5Blname%5D\" field_2_req=\"yes\" field_3_type=\"select\" field_3_text=\"Ciudad, Colorado, Corpus Christi, Costa Central, El Centro - Yuma, El Paso, Frontera, Hartford-Springfield, Kansas, Laredo, Las Vegas, Los Angeles, Lubbock, Midland-Odessa, Monterey-Salinas, Nueva Inglaterra, Nuevo M\u00e9xico, Orlando, Palm Springs,\u2026","rel":"","context":"Similar post","block_context":{"text":"Similar post","link":""},"img":{"alt_text":"","src":"","width":0,"height":0},"classes":[]}],"jetpack_sharing_enabled":true,"_links":{"self":[{"href":"https:\/\/noticiasya.com\/san-diego\/wp-json\/wp\/v2\/pages\/1182023","targetHints":{"allow":["GET"]}}],"collection":[{"href":"https:\/\/noticiasya.com\/san-diego\/wp-json\/wp\/v2\/pages"}],"about":[{"href":"https:\/\/noticiasya.com\/san-diego\/wp-json\/wp\/v2\/types\/page"}],"author":[{"embeddable":true,"href":"https:\/\/noticiasya.com\/san-diego\/wp-json\/wp\/v2\/users\/14"}],"replies":[{"embeddable":true,"href":"https:\/\/noticiasya.com\/san-diego\/wp-json\/wp\/v2\/comments?post=1182023"}],"version-history":[{"count":8,"href":"https:\/\/noticiasya.com\/san-diego\/wp-json\/wp\/v2\/pages\/1182023\/revisions"}],"predecessor-version":[{"id":1448424,"href":"https:\/\/noticiasya.com\/san-diego\/wp-json\/wp\/v2\/pages\/1182023\/revisions\/1448424"}],"wp:attachment":[{"href":"https:\/\/noticiasya.com\/san-diego\/wp-json\/wp\/v2\/media?parent=1182023"}],"curies":[{"name":"wp","href":"https:\/\/api.w.org\/{rel}","templated":true}]}}